{"id":8293,"date":"2018-11-24T23:46:44","date_gmt":"2018-11-24T22:46:44","guid":{"rendered":"https:\/\/marijina-trpeza.com\/poslovni-poklon\/zagreb-at-heart\/"},"modified":"2018-11-24T23:46:44","modified_gmt":"2018-11-24T22:46:44","slug":"zagreb-at-heart","status":"publish","type":"product","link":"https:\/\/marijina-trpeza.com\/en\/poslovni-poklon\/zagreb-at-heart\/","title":{"rendered":"Zagreb at heart"},"content":{"rendered":"<ul>\n<li><strong>Doma\u0107i ajvar od vrganja 210 gr<\/strong><\/li>\n<li><strong>\u017dirko 210 gr<\/strong>, slatki krem namaz od \u017eira<\/li>\n<li><strong>Licitarsko srce<\/strong>, tradicionalni hrvatski suvenir, jedinstveni patentirani proizvod<\/li>\n<li><strong>Paprenjak 100 gr<\/strong>, tradicionalni hrvatski kola\u010d<\/li>\n<li><strong>Sir Dragec<\/strong>, polutvrdi s crvenom paprikom 450 gr<\/li>\n<li><strong>Samoborska mu\u0161tarda 220 gr<\/strong>, pikantni umak \u010dvrsta mirisa, specifi\u010dnog okusa, karakteristi\u010dan za krajeve samoborskog gorja<\/li>\n<li><strong>Vrhunsko bijelo vino 0,75 l<\/strong><\/li>\n<li><strong>Ru\u010dno ra\u0111eni drveni sanduk<\/strong><\/li>\n<li><strong>Dekoracija<\/strong><\/li>\n<\/ul>\n","protected":false},"excerpt":{"rendered":"<p>Doma\u0107i ajvar od vrganja 210 gr \u017dirko 210 gr, slatki krem namaz od \u017eira Licitarsko srce, tradicionalni hrvatski suvenir, jedinstveni patentirani proizvod Paprenjak 100 gr, tradicionalni hrvatski kola\u010d Sir Dragec, polutvrdi s crvenom paprikom 450 gr Samoborska mu\u0161tarda 220 gr, pikantni umak \u010dvrsta mirisa, specifi\u010dnog okusa, karakteristi\u010dan za krajeve samoborskog gorja Vrhunsko bijelo vino 0,75 l Ru\u010dno ra\u0111eni drveni sanduk Dekoracija<\/p>\n","protected":false},"featured_media":8294,"template":"","meta":[],"product_cat":[350],"product_tag":[],"class_list":["post-8293","product","type-product","status-publish","has-post-thumbnail","hentry","product_cat-zagreb-and-central-croatia","pa_box-packing-wood","pa_price-range-middle-price","pa_the-delicacy-region-zagreb-and-central-croatia"],"_links":{"self":[{"href":"https:\/\/marijina-trpeza.com\/en\/wp-json\/wp\/v2\/product\/8293","targetHints":{"allow":["GET"]}}],"collection":[{"href":"https:\/\/marijina-trpeza.com\/en\/wp-json\/wp\/v2\/product"}],"about":[{"href":"https:\/\/marijina-trpeza.com\/en\/wp-json\/wp\/v2\/types\/product"}],"wp:featuredmedia":[{"embeddable":true,"href":"https:\/\/marijina-trpeza.com\/en\/wp-json\/wp\/v2\/media\/8294"}],"wp:attachment":[{"href":"https:\/\/marijina-trpeza.com\/en\/wp-json\/wp\/v2\/media?parent=8293"}],"wp:term":[{"taxonomy":"product_cat","embeddable":true,"href":"https:\/\/marijina-trpeza.com\/en\/wp-json\/wp\/v2\/product_cat?post=8293"},{"taxonomy":"product_tag","embeddable":true,"href":"https:\/\/marijina-trpeza.com\/en\/wp-json\/wp\/v2\/product_tag?post=8293"}],"curies":[{"name":"wp","href":"https:\/\/api.w.org\/{rel}","templated":true}]}}