{"id":8285,"date":"2018-11-26T08:19:24","date_gmt":"2018-11-26T07:19:24","guid":{"rendered":"https:\/\/marijina-trpeza.com\/poslovni-poklon\/ladies-love-sweet\/"},"modified":"2018-11-26T08:19:24","modified_gmt":"2018-11-26T07:19:24","slug":"ladies-love-sweet","status":"publish","type":"product","link":"https:\/\/marijina-trpeza.com\/en\/poslovni-poklon\/ladies-love-sweet\/","title":{"rendered":"Ladies love sweet"},"content":{"rendered":"<ul>\n<li><strong>\u0160ipak 0,2 l<\/strong>, liker od zrelih plodova divljeg \u0161ipka<\/li>\n<li><strong>Paprenjak 17 gr<\/strong>, tradicionalni hrvatski kola\u010d<\/li>\n<li><strong>\u010coko blister 55 gr<\/strong>, fina \u010dokolada u kalupima s raznim dodacima (lavanda, pinjoli, bademi, crveni papar&#8230;)<\/li>\n<li><strong>U\u0161e\u0107ereni bademi 150 gr<\/strong>, tradicionalni ru\u010dno ra\u0111eni proizvod<\/li>\n<li><strong>Med s lje\u0161njakom 212 gr<\/strong>, lje\u0161njak u bagremovom medu<\/li>\n<li><strong>Marunela 212 gr<\/strong>, tradicionalni proizvod od lovranskog maruna i \u010dokolade<\/li>\n<li><strong>Ru\u010dno ra\u0111ena drvena poklon kutija<\/strong><\/li>\n<li><strong>Dekoracija<\/strong><\/li>\n<\/ul>\n","protected":false},"excerpt":{"rendered":"<p>\u0160ipak 0,2 l, liker od zrelih plodova divljeg \u0161ipka Paprenjak 17 gr, tradicionalni hrvatski kola\u010d \u010coko blister 55 gr, fina \u010dokolada u kalupima s raznim dodacima (lavanda, pinjoli, bademi, crveni papar&#8230;) U\u0161e\u0107ereni bademi 150 gr, tradicionalni ru\u010dno ra\u0111eni proizvod Med s lje\u0161njakom 212 gr, lje\u0161njak u bagremovom medu Marunela 212 gr, tradicionalni proizvod od lovranskog maruna i \u010dokolade Ru\u010dno ra\u0111ena drvena poklon kutija Dekoracija<\/p>\n","protected":false},"featured_media":8286,"template":"","meta":[],"product_cat":[348],"product_tag":[],"class_list":["post-8285","product","type-product","status-publish","has-post-thumbnail","hentry","product_cat-gift-packages","pa_box-packing-wood","pa_price-range-middle-price","pa_the-delicacy-region-whole-croatia"],"_links":{"self":[{"href":"https:\/\/marijina-trpeza.com\/en\/wp-json\/wp\/v2\/product\/8285","targetHints":{"allow":["GET"]}}],"collection":[{"href":"https:\/\/marijina-trpeza.com\/en\/wp-json\/wp\/v2\/product"}],"about":[{"href":"https:\/\/marijina-trpeza.com\/en\/wp-json\/wp\/v2\/types\/product"}],"wp:featuredmedia":[{"embeddable":true,"href":"https:\/\/marijina-trpeza.com\/en\/wp-json\/wp\/v2\/media\/8286"}],"wp:attachment":[{"href":"https:\/\/marijina-trpeza.com\/en\/wp-json\/wp\/v2\/media?parent=8285"}],"wp:term":[{"taxonomy":"product_cat","embeddable":true,"href":"https:\/\/marijina-trpeza.com\/en\/wp-json\/wp\/v2\/product_cat?post=8285"},{"taxonomy":"product_tag","embeddable":true,"href":"https:\/\/marijina-trpeza.com\/en\/wp-json\/wp\/v2\/product_tag?post=8285"}],"curies":[{"name":"wp","href":"https:\/\/api.w.org\/{rel}","templated":true}]}}