{"id":8283,"date":"2018-11-26T14:05:14","date_gmt":"2018-11-26T13:05:14","guid":{"rendered":"https:\/\/marijina-trpeza.com\/poslovni-poklon\/rich-and-fine\/"},"modified":"2018-11-26T14:05:14","modified_gmt":"2018-11-26T13:05:14","slug":"rich-and-fine","status":"publish","type":"product","link":"https:\/\/marijina-trpeza.com\/en\/poslovni-poklon\/rich-and-fine\/","title":{"rendered":"Rich and fine"},"content":{"rendered":"<ul>\n<li><strong>Drni\u0161ki pr\u0161ut<\/strong>, rezani 300 gr, autohtoni hrvatski proizvod spravljen po doma\u0107oj recepturi<\/li>\n<li><strong>Doma\u0107a kobasica s tartufima cca 200 gr<\/strong>, spravljena po tradicionalnoj recepturi<\/li>\n<li><strong>Zeleni bodul cca 600 gr<\/strong>, polutvrdi i punomasni ov\u010dji sir oboga\u0107en aromom ru\u017emarina, umjereno slan, inovativan postupak dora\u0111ivanja za\u0161ti\u0107en patentom<\/li>\n<li><strong>Biska 0,1l<\/strong>, doma\u0107a rakija od imele spravljena po tradicionalnoj recepturi<\/li>\n<li><strong>Zelene masline u slanoj salamuri 210 gr<\/strong>, sorta Du\u017eica poznata po duga\u010dkom plodu koji je najdu\u017ei od svih doma\u0107ih sorti masline<\/li>\n<li><strong>Ekstra d\u017eem od kru\u0161ke s crnim tartufom 110 gr<\/strong><\/li>\n<li><strong>\u010cokoladni atelje 50 gr<\/strong>, tamna \u010dokolada s crvenim paprom<\/li>\n<li><strong>Maslinovo ulje Salvela 0,25 l<\/strong>, istarsko, ekstra djevi\u010dansko ulje, najve\u0107e kvalitete, dobiveno isklju\u010divo mehani\u010dkim \u00a0postupcima<\/li>\n<li><strong>Kvalitetno vino istarska malvazija 0,75 l<\/strong><\/li>\n<li><strong>Ekskluzivna poklon kutija<\/strong><\/li>\n<li><strong>Dekoracija<\/strong><\/li>\n<\/ul>\n","protected":false},"excerpt":{"rendered":"<p>Drni\u0161ki pr\u0161ut, rezani 300 gr, autohtoni hrvatski proizvod spravljen po doma\u0107oj recepturi Doma\u0107a kobasica s tartufima cca 200 gr, spravljena po tradicionalnoj recepturi Zeleni bodul cca 600 gr, polutvrdi i punomasni ov\u010dji sir oboga\u0107en aromom ru\u017emarina, umjereno slan, inovativan postupak dora\u0111ivanja za\u0161ti\u0107en patentom Biska 0,1l, doma\u0107a rakija od imele spravljena po tradicionalnoj recepturi Zelene masline u slanoj salamuri 210 gr, sorta Du\u017eica poznata po duga\u010dkom plodu koji je najdu\u017ei od svih doma\u0107ih sorti masline Ekstra d\u017eem od kru\u0161ke s crnim tartufom 110 gr \u010cokoladni atelje 50 gr, tamna \u010dokolada s crvenim paprom Maslinovo ulje Salvela 0,25 l, istarsko, ekstra djevi\u010dansko ulje, najve\u0107e kvalitete, dobiveno isklju\u010divo mehani\u010dkim \u00a0postupcima Kvalitetno vino istarska malvazija 0,75 l Ekskluzivna poklon kutija Dekoracija<\/p>\n","protected":false},"featured_media":8284,"template":"","meta":[],"product_cat":[348],"product_tag":[],"class_list":["post-8283","product","type-product","status-publish","has-post-thumbnail","hentry","product_cat-gift-packages","pa_box-packing-cardboard","pa_price-range-high-price","pa_the-delicacy-region-whole-croatia"],"_links":{"self":[{"href":"https:\/\/marijina-trpeza.com\/en\/wp-json\/wp\/v2\/product\/8283","targetHints":{"allow":["GET"]}}],"collection":[{"href":"https:\/\/marijina-trpeza.com\/en\/wp-json\/wp\/v2\/product"}],"about":[{"href":"https:\/\/marijina-trpeza.com\/en\/wp-json\/wp\/v2\/types\/product"}],"wp:featuredmedia":[{"embeddable":true,"href":"https:\/\/marijina-trpeza.com\/en\/wp-json\/wp\/v2\/media\/8284"}],"wp:attachment":[{"href":"https:\/\/marijina-trpeza.com\/en\/wp-json\/wp\/v2\/media?parent=8283"}],"wp:term":[{"taxonomy":"product_cat","embeddable":true,"href":"https:\/\/marijina-trpeza.com\/en\/wp-json\/wp\/v2\/product_cat?post=8283"},{"taxonomy":"product_tag","embeddable":true,"href":"https:\/\/marijina-trpeza.com\/en\/wp-json\/wp\/v2\/product_tag?post=8283"}],"curies":[{"name":"wp","href":"https:\/\/api.w.org\/{rel}","templated":true}]}}