{"id":8281,"date":"2018-11-26T14:13:35","date_gmt":"2018-11-26T13:13:35","guid":{"rendered":"https:\/\/marijina-trpeza.com\/poslovni-poklon\/honey-delights\/"},"modified":"2018-11-26T14:13:35","modified_gmt":"2018-11-26T13:13:35","slug":"honey-delights","status":"publish","type":"product","link":"https:\/\/marijina-trpeza.com\/en\/poslovni-poklon\/honey-delights\/","title":{"rendered":"Honey Delights"},"content":{"rendered":"<ul>\n<li><strong>Doma\u0107i medenjaci<\/strong>, ru\u010dno ra\u0111eni 100 gr<\/li>\n<li><strong>Medica 0,05 l<\/strong>, doma\u0107i medeni liker spravljen \u00a0po tradicionalnoj recepturi<\/li>\n<li><strong>Mefrutino<\/strong>, suho vo\u0107e u bagremovom medu 115 gr<\/li>\n<li><strong>Ru\u010dno ra\u0111ena drvena ki\u0161trica<\/strong><\/li>\n<li><strong>Dekoracija<\/strong><\/li>\n<\/ul>\n","protected":false},"excerpt":{"rendered":"<p>Doma\u0107i medenjaci, ru\u010dno ra\u0111eni 100 gr Medica 0,05 l, doma\u0107i medeni liker spravljen \u00a0po tradicionalnoj recepturi Mefrutino, suho vo\u0107e u bagremovom medu 115 gr Ru\u010dno ra\u0111ena drvena ki\u0161trica Dekoracija<\/p>\n","protected":false},"featured_media":8282,"template":"","meta":[],"product_cat":[348],"product_tag":[],"class_list":["post-8281","product","type-product","status-publish","has-post-thumbnail","hentry","product_cat-gift-packages","pa_box-packing-wood","pa_price-range-low-price","pa_the-delicacy-region-whole-croatia"],"_links":{"self":[{"href":"https:\/\/marijina-trpeza.com\/en\/wp-json\/wp\/v2\/product\/8281","targetHints":{"allow":["GET"]}}],"collection":[{"href":"https:\/\/marijina-trpeza.com\/en\/wp-json\/wp\/v2\/product"}],"about":[{"href":"https:\/\/marijina-trpeza.com\/en\/wp-json\/wp\/v2\/types\/product"}],"wp:featuredmedia":[{"embeddable":true,"href":"https:\/\/marijina-trpeza.com\/en\/wp-json\/wp\/v2\/media\/8282"}],"wp:attachment":[{"href":"https:\/\/marijina-trpeza.com\/en\/wp-json\/wp\/v2\/media?parent=8281"}],"wp:term":[{"taxonomy":"product_cat","embeddable":true,"href":"https:\/\/marijina-trpeza.com\/en\/wp-json\/wp\/v2\/product_cat?post=8281"},{"taxonomy":"product_tag","embeddable":true,"href":"https:\/\/marijina-trpeza.com\/en\/wp-json\/wp\/v2\/product_tag?post=8281"}],"curies":[{"name":"wp","href":"https:\/\/api.w.org\/{rel}","templated":true}]}}