{"id":8279,"date":"2018-08-13T22:21:36","date_gmt":"2018-08-13T20:21:36","guid":{"rendered":"https:\/\/marijina-trpeza.com\/poslovni-poklon\/eco-2\/"},"modified":"2018-08-13T22:21:36","modified_gmt":"2018-08-13T20:21:36","slug":"eco-2","status":"publish","type":"product","link":"https:\/\/marijina-trpeza.com\/en\/poslovni-poklon\/eco-2\/","title":{"rendered":"Eco 2"},"content":{"rendered":"<div>\n<ul>\n<li><strong>Namaz od slanutka s maslinovim uljem 210 gr<\/strong><\/li>\n<li><strong>Doma\u0107e bu\u010dino ulje 0,1 l<\/strong>, proizvedeno prirodnim postupkom starog na\u010dina pre\u0161anja bu\u010dinih ko\u0161tica<\/li>\n<li><strong>Marinirane bukova\u010de 190 gr<\/strong><\/li>\n<li><strong>Bu\u010dine ko\u0161tice 100gr<\/strong><\/li>\n<li><strong>Eko za\u010dini 10 gr<\/strong>, po izboru: list bosiljka ili list origana ili maj\u010dina du\u0161ica (&#8230;)<\/li>\n<li><strong>Sirup od masla\u010dka ( ili eko med, bagrem 250 gr)<\/strong><\/li>\n<li><strong>Aromatizirani ocat 0,25 l<\/strong><\/li>\n<li><strong>Natur poklon kutija<\/strong><\/li>\n<li><strong>Dekoracija<\/strong><\/li>\n<\/ul>\n<\/div>\n","protected":false},"excerpt":{"rendered":"<p>Namaz od slanutka s maslinovim uljem 210 gr Doma\u0107e bu\u010dino ulje 0,1 l, proizvedeno prirodnim postupkom starog na\u010dina pre\u0161anja bu\u010dinih ko\u0161tica Marinirane bukova\u010de 190 gr Bu\u010dine ko\u0161tice 100gr Eko za\u010dini 10 gr, po izboru: list bosiljka ili list origana ili maj\u010dina du\u0161ica (&#8230;) Sirup od masla\u010dka ( ili eko med, bagrem 250 gr) Aromatizirani ocat 0,25 l Natur poklon kutija Dekoracija<\/p>\n","protected":false},"featured_media":8280,"template":"","meta":[],"product_cat":[345,348],"product_tag":[],"class_list":["post-8279","product","type-product","status-publish","has-post-thumbnail","hentry","product_cat-eco","product_cat-gift-packages","pa_box-packing-cardboard","pa_price-range-middle-price","pa_the-delicacy-region-whole-croatia"],"_links":{"self":[{"href":"https:\/\/marijina-trpeza.com\/en\/wp-json\/wp\/v2\/product\/8279","targetHints":{"allow":["GET"]}}],"collection":[{"href":"https:\/\/marijina-trpeza.com\/en\/wp-json\/wp\/v2\/product"}],"about":[{"href":"https:\/\/marijina-trpeza.com\/en\/wp-json\/wp\/v2\/types\/product"}],"wp:featuredmedia":[{"embeddable":true,"href":"https:\/\/marijina-trpeza.com\/en\/wp-json\/wp\/v2\/media\/8280"}],"wp:attachment":[{"href":"https:\/\/marijina-trpeza.com\/en\/wp-json\/wp\/v2\/media?parent=8279"}],"wp:term":[{"taxonomy":"product_cat","embeddable":true,"href":"https:\/\/marijina-trpeza.com\/en\/wp-json\/wp\/v2\/product_cat?post=8279"},{"taxonomy":"product_tag","embeddable":true,"href":"https:\/\/marijina-trpeza.com\/en\/wp-json\/wp\/v2\/product_tag?post=8279"}],"curies":[{"name":"wp","href":"https:\/\/api.w.org\/{rel}","templated":true}]}}