{"id":8230,"date":"2018-11-26T14:38:51","date_gmt":"2018-11-26T13:38:51","guid":{"rendered":"https:\/\/marijina-trpeza.com\/poslovni-poklon\/all-the-delicacies\/"},"modified":"2018-11-26T14:38:51","modified_gmt":"2018-11-26T13:38:51","slug":"all-the-delicacies","status":"publish","type":"product","link":"https:\/\/marijina-trpeza.com\/en\/poslovni-poklon\/all-the-delicacies\/","title":{"rendered":"All the delicacies"},"content":{"rendered":"<ul>\n<li><strong>Med s bademom 212 gr<\/strong>, bademi u bagremovom medu<\/li>\n<li><strong>Masline s pr\u0161utom 210 gr<\/strong>,<strong>\u00a0<\/strong>u ekstra djevi\u010danskom maslinovom ulju, sorta Du\u017eica poznata po duga\u010dkom plodu koji je najdu\u017ei od svih doma\u0107ih sorti masline<\/li>\n<li><strong>Pepelko<\/strong>, tvrdi ov\u010dji sir cca 250 gr, prvi i jedini proizvo\u0111a\u010d sira u Europi koji rade zrenje sira u pepelu pa svi najbolji sastojci ostaju u siru<\/li>\n<li><strong>Ruta 0,2 l,<\/strong>\u00a0doma\u0107a rakija od rute spravljena po doma\u0107oj recepturi<\/li>\n<li><strong>Doma\u0107a kobasica s ru\u017emarinom cca 200 gr<\/strong>, spravljena po doma\u0107oj recepturi<\/li>\n<li><strong>Ninski cvijet soli 125 gr,\u00a0<\/strong>morski &#8216;kavijar soli&#8217;, proizvod iznimne kvalitete i specifi\u010dnog gurmanskog okusa<\/li>\n<li><strong>Slatke poslastice 150 gr<\/strong>, doma\u0107i kola\u010di\u0107i spravljeni po tradicionalnoj recepturi<\/li>\n<li><strong>Smokvenjak bombon 125 gr<\/strong>, smokvenjak kuglice s prirodnim aromama ru\u017emarina, kadulje i limunovog soka<\/li>\n<li><strong>Ekskluzivna poklon kutija<\/strong><\/li>\n<li><strong>Dekoracija<\/strong><\/li>\n<\/ul>\n","protected":false},"excerpt":{"rendered":"<p>Med s bademom 212 gr, bademi u bagremovom medu Masline s pr\u0161utom 210 gr,\u00a0u ekstra djevi\u010danskom maslinovom ulju, sorta Du\u017eica poznata po duga\u010dkom plodu koji je najdu\u017ei od svih doma\u0107ih sorti masline Pepelko, tvrdi ov\u010dji sir cca 250 gr, prvi i jedini proizvo\u0111a\u010d sira u Europi koji rade zrenje sira u pepelu pa svi najbolji sastojci ostaju u siru Ruta 0,2 l,\u00a0doma\u0107a rakija od rute spravljena po doma\u0107oj recepturi Doma\u0107a kobasica s ru\u017emarinom cca 200 gr, spravljena po doma\u0107oj recepturi Ninski cvijet soli 125 gr,\u00a0morski &#8216;kavijar soli&#8217;, proizvod iznimne kvalitete i specifi\u010dnog gurmanskog okusa Slatke poslastice 150 gr, doma\u0107i kola\u010di\u0107i spravljeni po tradicionalnoj recepturi Smokvenjak bombon 125 gr, smokvenjak kuglice s prirodnim aromama ru\u017emarina, kadulje i limunovog soka Ekskluzivna poklon kutija Dekoracija<\/p>\n","protected":false},"featured_media":8231,"template":"","meta":[],"product_cat":[348],"product_tag":[],"class_list":["post-8230","product","type-product","status-publish","has-post-thumbnail","hentry","product_cat-gift-packages","pa_box-packing-cardboard","pa_price-range-high-price","pa_the-delicacy-region-whole-croatia"],"_links":{"self":[{"href":"https:\/\/marijina-trpeza.com\/en\/wp-json\/wp\/v2\/product\/8230","targetHints":{"allow":["GET"]}}],"collection":[{"href":"https:\/\/marijina-trpeza.com\/en\/wp-json\/wp\/v2\/product"}],"about":[{"href":"https:\/\/marijina-trpeza.com\/en\/wp-json\/wp\/v2\/types\/product"}],"wp:featuredmedia":[{"embeddable":true,"href":"https:\/\/marijina-trpeza.com\/en\/wp-json\/wp\/v2\/media\/8231"}],"wp:attachment":[{"href":"https:\/\/marijina-trpeza.com\/en\/wp-json\/wp\/v2\/media?parent=8230"}],"wp:term":[{"taxonomy":"product_cat","embeddable":true,"href":"https:\/\/marijina-trpeza.com\/en\/wp-json\/wp\/v2\/product_cat?post=8230"},{"taxonomy":"product_tag","embeddable":true,"href":"https:\/\/marijina-trpeza.com\/en\/wp-json\/wp\/v2\/product_tag?post=8230"}],"curies":[{"name":"wp","href":"https:\/\/api.w.org\/{rel}","templated":true}]}}