{"id":8228,"date":"2018-11-26T15:12:00","date_gmt":"2018-11-26T14:12:00","guid":{"rendered":"https:\/\/marijina-trpeza.com\/poslovni-poklon\/sweet-pleasures\/"},"modified":"2018-11-26T15:12:00","modified_gmt":"2018-11-26T14:12:00","slug":"sweet-pleasures","status":"publish","type":"product","link":"https:\/\/marijina-trpeza.com\/en\/poslovni-poklon\/sweet-pleasures\/","title":{"rendered":"Sweet pleasures"},"content":{"rendered":"<ul>\n<li><strong>Medica 0,05 l<\/strong>, doma\u0107i medeni liker spravljen po tradicionalnoj recepturi<\/li>\n<li><strong>Mefrutino 115 gr<\/strong>, suho vo\u0107e u bagremovom medu<\/li>\n<li><strong>Ru\u010dno ra\u0111ena drvena ki\u0161trica<\/strong><\/li>\n<li><strong>Dekoracija<\/strong><\/li>\n<\/ul>\n","protected":false},"excerpt":{"rendered":"<p>Medica 0,05 l, doma\u0107i medeni liker spravljen po tradicionalnoj recepturi Mefrutino 115 gr, suho vo\u0107e u bagremovom medu Ru\u010dno ra\u0111ena drvena ki\u0161trica Dekoracija<\/p>\n","protected":false},"featured_media":8229,"template":"","meta":[],"product_cat":[348],"product_tag":[],"class_list":["post-8228","product","type-product","status-publish","has-post-thumbnail","hentry","product_cat-gift-packages","pa_box-packing-wood","pa_price-range-low-price","pa_the-delicacy-region-whole-croatia"],"_links":{"self":[{"href":"https:\/\/marijina-trpeza.com\/en\/wp-json\/wp\/v2\/product\/8228","targetHints":{"allow":["GET"]}}],"collection":[{"href":"https:\/\/marijina-trpeza.com\/en\/wp-json\/wp\/v2\/product"}],"about":[{"href":"https:\/\/marijina-trpeza.com\/en\/wp-json\/wp\/v2\/types\/product"}],"wp:featuredmedia":[{"embeddable":true,"href":"https:\/\/marijina-trpeza.com\/en\/wp-json\/wp\/v2\/media\/8229"}],"wp:attachment":[{"href":"https:\/\/marijina-trpeza.com\/en\/wp-json\/wp\/v2\/media?parent=8228"}],"wp:term":[{"taxonomy":"product_cat","embeddable":true,"href":"https:\/\/marijina-trpeza.com\/en\/wp-json\/wp\/v2\/product_cat?post=8228"},{"taxonomy":"product_tag","embeddable":true,"href":"https:\/\/marijina-trpeza.com\/en\/wp-json\/wp\/v2\/product_tag?post=8228"}],"curies":[{"name":"wp","href":"https:\/\/api.w.org\/{rel}","templated":true}]}}