{"id":8226,"date":"2018-11-26T15:31:07","date_gmt":"2018-11-26T14:31:07","guid":{"rendered":"https:\/\/marijina-trpeza.com\/poslovni-poklon\/sweet-and-fine-2\/"},"modified":"2018-11-26T15:31:07","modified_gmt":"2018-11-26T14:31:07","slug":"sweet-and-fine-2","status":"publish","type":"product","link":"https:\/\/marijina-trpeza.com\/en\/poslovni-poklon\/sweet-and-fine-2\/","title":{"rendered":"Sweet and fine 2"},"content":{"rendered":"<ul>\n<li><strong>Vo\u0107no vino od \u0161umskih kupina 0,5 l<\/strong><\/li>\n<li><strong>Mefrutino<\/strong>, suho vo\u0107e u bagremovom \u00a0medu 360 gr<\/li>\n<li><strong>Naran\u010dita 0,35 l<\/strong>, doma\u0107i liker spravljen po tradicionalnoj recepturi<\/li>\n<li><strong>Mu\u0161\u0107atoni<\/strong>, \u010dajni keks s bademom 150 gr<\/li>\n<li><strong>Smokvenjak<\/strong>, tradicionalna slastica od smokava 120 gr<\/li>\n<li><strong>Natur poklon kutija<\/strong><\/li>\n<li><strong>Dekoracija<\/strong><\/li>\n<\/ul>\n","protected":false},"excerpt":{"rendered":"<p>Vo\u0107no vino od \u0161umskih kupina 0,5 l Mefrutino, suho vo\u0107e u bagremovom \u00a0medu 360 gr Naran\u010dita 0,35 l, doma\u0107i liker spravljen po tradicionalnoj recepturi Mu\u0161\u0107atoni, \u010dajni keks s bademom 150 gr Smokvenjak, tradicionalna slastica od smokava 120 gr Natur poklon kutija Dekoracija<\/p>\n","protected":false},"featured_media":8227,"template":"","meta":[],"product_cat":[348],"product_tag":[],"class_list":["post-8226","product","type-product","status-publish","has-post-thumbnail","hentry","product_cat-gift-packages","pa_box-packing-cardboard","pa_price-range-middle-price","pa_the-delicacy-region-whole-croatia"],"_links":{"self":[{"href":"https:\/\/marijina-trpeza.com\/en\/wp-json\/wp\/v2\/product\/8226","targetHints":{"allow":["GET"]}}],"collection":[{"href":"https:\/\/marijina-trpeza.com\/en\/wp-json\/wp\/v2\/product"}],"about":[{"href":"https:\/\/marijina-trpeza.com\/en\/wp-json\/wp\/v2\/types\/product"}],"wp:featuredmedia":[{"embeddable":true,"href":"https:\/\/marijina-trpeza.com\/en\/wp-json\/wp\/v2\/media\/8227"}],"wp:attachment":[{"href":"https:\/\/marijina-trpeza.com\/en\/wp-json\/wp\/v2\/media?parent=8226"}],"wp:term":[{"taxonomy":"product_cat","embeddable":true,"href":"https:\/\/marijina-trpeza.com\/en\/wp-json\/wp\/v2\/product_cat?post=8226"},{"taxonomy":"product_tag","embeddable":true,"href":"https:\/\/marijina-trpeza.com\/en\/wp-json\/wp\/v2\/product_tag?post=8226"}],"curies":[{"name":"wp","href":"https:\/\/api.w.org\/{rel}","templated":true}]}}