{"id":8222,"date":"2018-11-27T10:03:11","date_gmt":"2018-11-27T09:03:11","guid":{"rendered":"https:\/\/marijina-trpeza.com\/poslovni-poklon\/dalmatia-at-heart-big\/"},"modified":"2018-11-27T10:03:11","modified_gmt":"2018-11-27T09:03:11","slug":"dalmatia-at-heart-big","status":"publish","type":"product","link":"https:\/\/marijina-trpeza.com\/en\/poslovni-poklon\/dalmatia-at-heart-big\/","title":{"rendered":"Dalmatia at heart &#8211; big"},"content":{"rendered":"<ul>\n<li><strong>Drni\u0161ki pr\u0161ut<\/strong>, komad bez kostiju cca 1 kg, autohtoni hrvatski proizvod spravljen po doma\u0107oj recepturi<\/li>\n<li><strong>Sir iz mi\u0161ine<\/strong>, tvrdi punomasni ov\u010dji sir cca 400 gr, autohtoni sir \u00a0spodru\u010dja Dalmatinske zagore, Dinare, Velebita i dijela Like, \u010duva se u ov\u010djim ili kozjim mje\u0161inama \u0161to mu daje tipi\u010dan miris i vrlo cijenjen pikantan okus<\/li>\n<li><strong>Ekstra djevi\u010dansko maslinovo ulje 0,50 l<\/strong><\/li>\n<li><strong>Tradicionalne poslastice: arancini, u\u0161e\u0107ereni bademi, suhe smokve 120 gr<\/strong><\/li>\n<li><strong>\u010cokolada Nadalina sa suhim smokvama i pro\u0161ekom 40 gr<\/strong><\/li>\n<li><strong>Vrhunsko crno vino 0,75 l<\/strong><\/li>\n<li><strong>Ru\u010dno ra\u0111eni drveni sanduk<\/strong><\/li>\n<li><strong>Dekoracija<\/strong><\/li>\n<\/ul>\n","protected":false},"excerpt":{"rendered":"<p>Drni\u0161ki pr\u0161ut, komad bez kostiju cca 1 kg, autohtoni hrvatski proizvod spravljen po doma\u0107oj recepturi Sir iz mi\u0161ine, tvrdi punomasni ov\u010dji sir cca 400 gr, autohtoni sir \u00a0spodru\u010dja Dalmatinske zagore, Dinare, Velebita i dijela Like, \u010duva se u ov\u010djim ili kozjim mje\u0161inama \u0161to mu daje tipi\u010dan miris i vrlo cijenjen pikantan okus Ekstra djevi\u010dansko maslinovo ulje 0,50 l Tradicionalne poslastice: arancini, u\u0161e\u0107ereni bademi, suhe smokve 120 gr \u010cokolada Nadalina sa suhim smokvama i pro\u0161ekom 40 gr Vrhunsko crno vino 0,75 l Ru\u010dno ra\u0111eni drveni sanduk Dekoracija<\/p>\n","protected":false},"featured_media":8223,"template":"","meta":[],"product_cat":[344],"product_tag":[],"class_list":["post-8222","product","type-product","status-publish","has-post-thumbnail","hentry","product_cat-dalmatia","pa_box-packing-wood","pa_price-range-high-price","pa_the-delicacy-region-whole-croatia"],"_links":{"self":[{"href":"https:\/\/marijina-trpeza.com\/en\/wp-json\/wp\/v2\/product\/8222","targetHints":{"allow":["GET"]}}],"collection":[{"href":"https:\/\/marijina-trpeza.com\/en\/wp-json\/wp\/v2\/product"}],"about":[{"href":"https:\/\/marijina-trpeza.com\/en\/wp-json\/wp\/v2\/types\/product"}],"wp:featuredmedia":[{"embeddable":true,"href":"https:\/\/marijina-trpeza.com\/en\/wp-json\/wp\/v2\/media\/8223"}],"wp:attachment":[{"href":"https:\/\/marijina-trpeza.com\/en\/wp-json\/wp\/v2\/media?parent=8222"}],"wp:term":[{"taxonomy":"product_cat","embeddable":true,"href":"https:\/\/marijina-trpeza.com\/en\/wp-json\/wp\/v2\/product_cat?post=8222"},{"taxonomy":"product_tag","embeddable":true,"href":"https:\/\/marijina-trpeza.com\/en\/wp-json\/wp\/v2\/product_tag?post=8222"}],"curies":[{"name":"wp","href":"https:\/\/api.w.org\/{rel}","templated":true}]}}