{"id":8215,"date":"2018-11-27T11:07:50","date_gmt":"2018-11-27T10:07:50","guid":{"rendered":"https:\/\/marijina-trpeza.com\/poslovni-poklon\/istria-at-heart-small\/"},"modified":"2019-12-15T21:43:21","modified_gmt":"2019-12-15T20:43:21","slug":"istria-at-heart-small","status":"publish","type":"product","link":"https:\/\/marijina-trpeza.com\/en\/poslovni-poklon\/istria-at-heart-small\/","title":{"rendered":"Istria at heart &#8211; small"},"content":{"rendered":"<ul>\n<li><strong>Ekstra d\u017eem od kru\u0161ke s crnim tartufom 110 gr<\/strong><\/li>\n<li><strong>Ruta 0,2 l<\/strong>, tradicionalna istarska rakija spravljena po doma\u0107oj recepturi<\/li>\n<li><strong>Zeleni bodul cca 600 gr<\/strong>, polutvrdi i punomasni ov\u010dji sir oboga\u0107en aromom ru\u017emarina, umjereno slan, inovativan postupak dora\u0111ivanja za\u0161ti\u0107en patentom<\/li>\n<li><strong>Doma\u0107i kola\u010di\u0107i<\/strong>,&nbsp; istarski cukerini 150 gr<\/li>\n<li><strong>Natur poklon kutija<\/strong><\/li>\n<li><strong>Dekoracija<\/strong><\/li>\n<\/ul>\n","protected":false},"excerpt":{"rendered":"<p><br data-mce-bogus=\"1\"><\/p>\n","protected":false},"featured_media":8216,"template":"","meta":[],"product_cat":[347],"product_tag":[],"class_list":["post-8215","product","type-product","status-publish","has-post-thumbnail","hentry","product_cat-istria-and-kvarner","pa_box-packing-cardboard","pa_price-range-middle-price","pa_the-delicacy-region-whole-croatia"],"_links":{"self":[{"href":"https:\/\/marijina-trpeza.com\/en\/wp-json\/wp\/v2\/product\/8215","targetHints":{"allow":["GET"]}}],"collection":[{"href":"https:\/\/marijina-trpeza.com\/en\/wp-json\/wp\/v2\/product"}],"about":[{"href":"https:\/\/marijina-trpeza.com\/en\/wp-json\/wp\/v2\/types\/product"}],"wp:featuredmedia":[{"embeddable":true,"href":"https:\/\/marijina-trpeza.com\/en\/wp-json\/wp\/v2\/media\/8216"}],"wp:attachment":[{"href":"https:\/\/marijina-trpeza.com\/en\/wp-json\/wp\/v2\/media?parent=8215"}],"wp:term":[{"taxonomy":"product_cat","embeddable":true,"href":"https:\/\/marijina-trpeza.com\/en\/wp-json\/wp\/v2\/product_cat?post=8215"},{"taxonomy":"product_tag","embeddable":true,"href":"https:\/\/marijina-trpeza.com\/en\/wp-json\/wp\/v2\/product_tag?post=8215"}],"curies":[{"name":"wp","href":"https:\/\/api.w.org\/{rel}","templated":true}]}}