{"id":8213,"date":"2018-11-27T11:09:52","date_gmt":"2018-11-27T10:09:52","guid":{"rendered":"https:\/\/marijina-trpeza.com\/poslovni-poklon\/istria-at-heart-big\/"},"modified":"2018-11-27T11:09:52","modified_gmt":"2018-11-27T10:09:52","slug":"istria-at-heart-big","status":"publish","type":"product","link":"https:\/\/marijina-trpeza.com\/en\/poslovni-poklon\/istria-at-heart-big\/","title":{"rendered":"Istria at heart &#8211; big"},"content":{"rendered":"<ul>\n<li><strong>Biska 0,35 l<\/strong>, doma\u0107a rakija s imelom spravljena po doma\u0107oj recepturi<\/li>\n<li><strong>Ekstra djevi\u010dansko istarsko maslinovo ulje 0,1 l<\/strong><\/li>\n<li><strong>Kobasica s tartufima cca 200 gr<\/strong>, spravljena po doma\u0107oj recepturi<\/li>\n<li><strong>Kr\u010dki sir<\/strong>, ov\u010dji polutvrdi, punomasni cca 600 gr, dobitnik vi\u0161e od 50 priznanja na mnogobrojnim manifestacijama<\/li>\n<li><strong>Delicija od lovranskog maruna 212 gr,\u00a0<\/strong>jedinstveni prirodni proizvod od lovranskog maruna<\/li>\n<li><strong>Vrhunsko vino istarska malvazija 0,75 l<\/strong><\/li>\n<li><strong>Ru\u010dno ra\u0111eni drveni sanduk<\/strong><\/li>\n<li><strong>Dekoracija<\/strong><\/li>\n<\/ul>\n","protected":false},"excerpt":{"rendered":"<p>Biska 0,35 l, doma\u0107a rakija s imelom spravljena po doma\u0107oj recepturi Ekstra djevi\u010dansko istarsko maslinovo ulje 0,1 l Kobasica s tartufima cca 200 gr, spravljena po doma\u0107oj recepturi Kr\u010dki sir, ov\u010dji polutvrdi, punomasni cca 600 gr, dobitnik vi\u0161e od 50 priznanja na mnogobrojnim manifestacijama Delicija od lovranskog maruna 212 gr,\u00a0jedinstveni prirodni proizvod od lovranskog maruna Vrhunsko vino istarska malvazija 0,75 l Ru\u010dno ra\u0111eni drveni sanduk Dekoracija<\/p>\n","protected":false},"featured_media":8214,"template":"","meta":[],"product_cat":[347],"product_tag":[],"class_list":["post-8213","product","type-product","status-publish","has-post-thumbnail","hentry","product_cat-istria-and-kvarner","pa_box-packing-wood","pa_price-range-high-price","pa_the-delicacy-region-whole-croatia"],"_links":{"self":[{"href":"https:\/\/marijina-trpeza.com\/en\/wp-json\/wp\/v2\/product\/8213","targetHints":{"allow":["GET"]}}],"collection":[{"href":"https:\/\/marijina-trpeza.com\/en\/wp-json\/wp\/v2\/product"}],"about":[{"href":"https:\/\/marijina-trpeza.com\/en\/wp-json\/wp\/v2\/types\/product"}],"wp:featuredmedia":[{"embeddable":true,"href":"https:\/\/marijina-trpeza.com\/en\/wp-json\/wp\/v2\/media\/8214"}],"wp:attachment":[{"href":"https:\/\/marijina-trpeza.com\/en\/wp-json\/wp\/v2\/media?parent=8213"}],"wp:term":[{"taxonomy":"product_cat","embeddable":true,"href":"https:\/\/marijina-trpeza.com\/en\/wp-json\/wp\/v2\/product_cat?post=8213"},{"taxonomy":"product_tag","embeddable":true,"href":"https:\/\/marijina-trpeza.com\/en\/wp-json\/wp\/v2\/product_tag?post=8213"}],"curies":[{"name":"wp","href":"https:\/\/api.w.org\/{rel}","templated":true}]}}